{"id":322145,"date":"2022-11-17T07:25:16","date_gmt":"2022-11-17T06:25:16","guid":{"rendered":"https:\/\/catalogus.plantura.be\/privacyverklaring\/"},"modified":"2024-02-28T09:56:03","modified_gmt":"2024-02-28T08:56:03","slug":"datenschutzerklaerung","status":"publish","type":"page","link":"https:\/\/catalogus.plantura.be\/de\/datenschutzerklaerung\/","title":{"rendered":"Datenschutzerkl\u00e4rung"},"content":{"rendered":"<h1>Haftungsausschluss<\/h1>\r\n<h2>1. Definitionen<\/h2>\r\n<p>In diesem Haftungsausschluss werden die folgenden Begriffe verwendet (i) BV Plantura Kwekerij, mit Gesellschaftssitz in Hoekstraat&nbsp;23&nbsp;, 3950 Bocholt, Belgi\u00eb und mit Firmennummer BE 0840.327.331, +32 89 39 15 72, dries.aerden@plantura.be, (ii) Website https:\/\/www.plantura.be entwickelt und verwaltet von Creatic BV (iii) Besucher: jede nat\u00fcrliche Person, die die Website nutzt.<\/p>\r\n<p><\/p>\r\n<h2>Zugang zur Website<\/h2>\r\n<p>Der Zugang zu den Informationen auf der Website ist kostenlos. Die Konsultation oder Nutzung der Website setzt die vollst\u00e4ndige Kenntnis und Annahme der in diesem Haftungsausschluss enthaltenen Bedingungen voraus. Wenn der Besucher die Website weiterhin konsultiert, bedeutet dies, dass er die nachstehenden Bedingungen ausdr\u00fccklich akzeptiert hat und sie strikt einhalten wird. BV Plantura Kwekerij kann diese Bedingungen jederzeit \u00e4ndern.<\/p>\r\n<h2>Informationen auf der Website<\/h2>\r\n<p>BV Plantura Kwekerij verwaltet die Website und passt sie st\u00e4ndig an, um den Besuchern die aktuellsten Informationen zur Verf\u00fcgung zu stellen. BV Plantura Kwekerij ist bestrebt, die Besucher so genau wie m\u00f6glich zu informieren.<\/p>\r\n<p>Die auf der Webseite aufgef\u00fchrten Informationen wurden mit gr\u00f6\u00dfter Sorgfalt zusammengestellt. F\u00fcr die Richtigkeit der Informationen \u00fcbernimmt BV Plantura Kwekerij keine Gew\u00e4hr. F\u00fcr Verbesserungsvorschl\u00e4ge, sachliche Hinweise und Anregungen sind wir jederzeit dankbar. Die aufgef\u00fchrten Informationen ersetzen in keinem Fall eine rechtliche oder steuerliche Beratung.<\/p>\r\n<p>Sollten auf der Website unrichtige Informationen ver\u00f6ffentlicht werden, wird BV Plantura Kwekerij sein M\u00f6glichstes tun, um diese zu korrigieren, sobald der Fehler entdeckt wird. BV Plantura Kwekerij haftet jedoch nicht f\u00fcr die Richtigkeit oder Vollst\u00e4ndigkeit der auf der Website ver\u00f6ffentlichten Informationen.<\/p>\r\n<p>Die blo\u00dfe Konsultation der Website bindet BV Plantura Kwekerij in keiner Weise. F\u00fcr jede Dienstleistung, jedes Informationsersuchen usw. ist eine schriftliche Best\u00e4tigung von BV Plantura Kwekerij erforderlich.<\/p>\r\n<p>Die auf der Website ver\u00f6ffentlichten Informationen sind allgemeiner und informativer Art und werden nicht als Antwort auf individuelle Bed\u00fcrfnisse ver\u00f6ffentlicht. Die Informationen sind auch nicht unbedingt vollst\u00e4ndig oder aktuell und enthalten keine Ratschl\u00e4ge oder fachlichen Empfehlungen.<\/p>\r\n<p>Der Inhalt der Website (einschlie\u00dflich der Hyperlinks zu anderen Websites) kann jederzeit und ohne Vorank\u00fcndigung oder Mitteilung angepasst, ge\u00e4ndert oder erg\u00e4nzt werden.<\/p>\r\n<h2>Hyperlinks<\/h2>\r\n<p>Die Einrichtung von Hyperlinks zu dieser Website muss BV Plantura Kwekerij im Voraus mitgeteilt werden. Der Hyperlink darf nur auf die Startseite der Website verweisen, die in einem neuen Fenster des Webbrowsers ge\u00f6ffnet wird. Deep Linking ist verboten.<\/p>\r\n<p>Die Website enth\u00e4lt auch Hyperlinks zu anderen Websites von Institutionen, die entweder mit BV Plantura Kwekerij in Verbindung stehen oder v\u00f6llig unabh\u00e4ngig von BV Plantura Kwekerij sind. BV Plantura Kwekerij kann unter keinen Umst\u00e4nden f\u00fcr den Inhalt oder die Datenschutzpolitik einer anderen Website verantwortlich gemacht werden.<\/p>\r\n<p>Die Verwendung von Hyperlinks zu einer oder mehreren anderen Websites bedeutet in keinem Fall eine Assoziation, Partnerschaft oder Zugeh\u00f6rigkeit zu den Institutionen, die diese Websites verwalten, oder eine Billigung ihres Inhalts. Die Hyperlinks werden nur zur Information des Besuchers bereitgestellt. BV Plantura Kwekerij hat keine Kontrolle \u00fcber (den Inhalt) dieser anderen Websites.<\/p>\r\n<p>Sobald BV Plantura Kwekerij Kenntnis von rechtswidrigen Inhalten auf einer Website erh\u00e4lt, auf die ein Hyperlink auf der Website verweist, oder wenn die Inhalte nicht der Zweckbestimmung von BV Plantura Kwekerij entsprechen, wird BV Plantura Kwekerij den Hyperlink zu dieser Website entfernen. BV Plantura Kwekerij kann unter keinen Umst\u00e4nden f\u00fcr die Einrichtung des Hyperlinks zu der betreffenden Website haftbar gemacht werden.<\/p>\r\n<h2>Rechte an geistigem Eigentum<\/h2>\r\n<p>Die Website, einschlie\u00dflich der Texte, des Layouts, der grafischen Elemente, der Pr\u00e4sentationen, der Logos, der Software, der Datenbanken, des Firmennamens von BV Plantura Kwekerij und anderer Elemente dieser Website sind durch geistige Eigentumsrechte gesch\u00fctzt, die BV Plantura Kwekerij geh\u00f6ren. Der Besucher verpflichtet sich ausdr\u00fccklich, die geistigen Eigentumsrechte von BV Plantura Kwekerij und\/oder von Dritten in vollem Umfang zu respektieren.<\/p>\r\n<p>Die Vervielf\u00e4ltigung, der Vertrieb, der Verkauf, die gemeinsame Nutzung, die Ver\u00f6ffentlichung, die Anpassung, die \u00dcbersetzung, die Verarbeitung und die Nutzung der gesamten Website oder von Teilen davon zu kommerziellen Zwecken ist ohne vorherige schriftliche Genehmigung von BV Plantura Kwekerij in jeder Form und mit jedem Mittel verboten.<\/p>\r\n<p>Gem\u00e4\u00df den Bestimmungen des Gesetzes vom 30. Juni 1994 \u00fcber das Urheberrecht und verwandte Schutzrechte kann der Besucher ohne vorherige schriftliche Zustimmung von BV Plantura Kwekerij Informationen von dieser Website f\u00fcr den rein privaten Gebrauch herunterladen und vervielf\u00e4ltigen. BV Plantura Kwekerij gestattet dem Besucher auch, die Informationen der Website f\u00fcr private Zwecke zu kopieren, zu drucken und zu nutzen. Dar\u00fcber hinaus k\u00f6nnen die Informationen auch im Familienkreis kostenlos verteilt und weitergegeben werden.<\/p>\r\n<p>BV Plantura Kwekerij beh\u00e4lt sich das Recht vor, alle Ma\u00dfnahmen zu ergreifen, die sie f\u00fcr angemessen h\u00e4lt, um die Verletzung ihrer geistigen Eigentumsrechte zu verhindern und\/oder zu beenden, ohne dass sie f\u00fcr diese Ma\u00dfnahmen haftbar gemacht werden kann.<\/p>\r\n<h2>Haftung<\/h2>\r\n<p>Mit dem Besuch der Website verzichtet der Besucher auf jegliche Reklamation oder Inanspruchnahme von BV Plantura Kwekerij in Bezug auf die Nutzung der auf der Website zur Verf\u00fcgung gestellten Daten und Informationen.\r\nMit dem Besuch der Website akzeptiert der Besucher, alle mit der Nutzung der Website verbundenen Risiken zu \u00fcbernehmen. Der Besucher tr\u00e4gt somit das Risiko einer Besch\u00e4digung seines Computers, seiner Software oder seiner Daten, wenn diese Besch\u00e4digung auf einen Virus zur\u00fcckzuf\u00fchren ist, der m\u00f6glicherweise durch die Website \u00fcbertragen oder aktiviert wurde. BV Plantura Kwekerij kann daf\u00fcr nicht haftbar gemacht werden.<\/p>\r\n<p>BV Plantura Kwekerij lehnt auch jede Haftung im Falle einer missbr\u00e4uchlichen oder betr\u00fcgerischen Nutzung der Daten auf der Website ab.<\/p>\r\n<h2>Sicherheit der Website<\/h2>\r\n<p>Um die Sicherheit seiner Website zu gew\u00e4hrleisten, wird BV Plantura Kwekerij alle erforderlichen Ma\u00dfnahmen ergreifen, wie z.B. Sicherheits\u00fcberpr\u00fcfungen, Verschl\u00fcsselungstechniken, sichere Umgebungen und alle Ma\u00dfnahmen und Verfahren, die nach dem Stand der Technik angemessen sind. Bestimmte Bereiche der Website sind reserviert und unterliegen Zugangsbeschr\u00e4nkungen. Im Falle eines Angriffs auf die Website, einer Computerkriminalit\u00e4t oder eines anderen unbefugten Versuchs, auf einen Teil oder die Gesamtheit der Website zuzugreifen, wird BV Plantura Kwekerij alle ihr zur Verf\u00fcgung stehenden rechtlichen Mittel einsetzen, um die Integrit\u00e4t ihrer Website zu sch\u00fctzen, und zwar in Zusammenarbeit mit den zust\u00e4ndigen Beh\u00f6rden.<\/p>\r\n<h2>Anwendbares Recht<\/h2>\r\n<p>Da der Besucher durch den Besuch der Website diesen Haftungsausschluss und die darin enthaltenen Bedingungen ausdr\u00fccklich akzeptiert, erkl\u00e4rt sich der Besucher damit einverstanden, dass alle Streitigkeiten oder Anspr\u00fcche im Zusammenhang mit der Website oder den darin enthaltenen Informationen dem belgischen Recht unterliegen und der ausschlie\u00dflichen Zust\u00e4ndigkeit der Gerichte von Hasselt (Belgien) unterliegen.<\/p>\n","protected":false},"excerpt":{"rendered":"","protected":false},"author":2,"featured_media":0,"parent":0,"menu_order":99,"comment_status":"closed","ping_status":"closed","template":"page-legal.php","meta":{"_acf_changed":false,"footnotes":""},"class_list":["post-322145","page","type-page","status-publish","hentry"],"acf":[],"yoast_head":"<!-- This site is optimized with the Yoast SEO plugin v24.7 - https:\/\/yoast.com\/wordpress\/plugins\/seo\/ -->\n<title>Datenschutzerkl\u00e4rung - Plantura<\/title>\n<meta name=\"robots\" content=\"noindex, follow, max-snippet:-1, max-image-preview:large, max-video-preview:-1\" \/>\n<meta property=\"og:locale\" content=\"de_DE\" \/>\n<meta property=\"og:type\" content=\"article\" \/>\n<meta property=\"og:title\" content=\"Datenschutzerkl\u00e4rung - Plantura\" \/>\n<meta property=\"og:url\" content=\"https:\/\/catalogus.plantura.be\/de\/datenschutzerklaerung\/\" \/>\n<meta property=\"og:site_name\" content=\"Plantura\" \/>\n<meta property=\"article:modified_time\" content=\"2024-02-28T08:56:03+00:00\" \/>\n<meta name=\"twitter:card\" content=\"summary_large_image\" \/>\n<meta name=\"twitter:label1\" content=\"Est. reading time\" \/>\n\t<meta name=\"twitter:data1\" content=\"1 minute\" \/>\n<script type=\"application\/ld+json\" class=\"yoast-schema-graph\">{\"@context\":\"https:\/\/schema.org\",\"@graph\":[{\"@type\":\"WebPage\",\"@id\":\"https:\/\/catalogus.plantura.be\/de\/datenschutzerklaerung\/\",\"url\":\"https:\/\/catalogus.plantura.be\/de\/datenschutzerklaerung\/\",\"name\":\"Datenschutzerkl\u00e4rung - Plantura\",\"isPartOf\":{\"@id\":\"https:\/\/catalogus.plantura.be\/de\/#website\"},\"datePublished\":\"2022-11-17T06:25:16+00:00\",\"dateModified\":\"2024-02-28T08:56:03+00:00\",\"breadcrumb\":{\"@id\":\"https:\/\/catalogus.plantura.be\/de\/datenschutzerklaerung\/#breadcrumb\"},\"inLanguage\":\"de-DE\",\"potentialAction\":[{\"@type\":\"ReadAction\",\"target\":[\"https:\/\/catalogus.plantura.be\/de\/datenschutzerklaerung\/\"]}]},{\"@type\":\"BreadcrumbList\",\"@id\":\"https:\/\/catalogus.plantura.be\/de\/datenschutzerklaerung\/#breadcrumb\",\"itemListElement\":[{\"@type\":\"ListItem\",\"position\":1,\"name\":\"Home\",\"item\":\"https:\/\/catalogus.plantura.be\/de\/\"},{\"@type\":\"ListItem\",\"position\":2,\"name\":\"Datenschutzerkl\u00e4rung\"}]},{\"@type\":\"WebSite\",\"@id\":\"https:\/\/catalogus.plantura.be\/de\/#website\",\"url\":\"https:\/\/catalogus.plantura.be\/de\/\",\"name\":\"Plantura\",\"description\":\"Catalogus\",\"potentialAction\":[{\"@type\":\"SearchAction\",\"target\":{\"@type\":\"EntryPoint\",\"urlTemplate\":\"https:\/\/catalogus.plantura.be\/de\/?s={search_term_string}\"},\"query-input\":{\"@type\":\"PropertyValueSpecification\",\"valueRequired\":true,\"valueName\":\"search_term_string\"}}],\"inLanguage\":\"de-DE\"}]}<\/script>\n<!-- \/ Yoast SEO plugin. -->","yoast_head_json":{"title":"Datenschutzerkl\u00e4rung - Plantura","robots":{"index":"noindex","follow":"follow","max-snippet":"max-snippet:-1","max-image-preview":"max-image-preview:large","max-video-preview":"max-video-preview:-1"},"og_locale":"de_DE","og_type":"article","og_title":"Datenschutzerkl\u00e4rung - Plantura","og_url":"https:\/\/catalogus.plantura.be\/de\/datenschutzerklaerung\/","og_site_name":"Plantura","article_modified_time":"2024-02-28T08:56:03+00:00","twitter_card":"summary_large_image","twitter_misc":{"Est. reading time":"1 minute"},"schema":{"@context":"https:\/\/schema.org","@graph":[{"@type":"WebPage","@id":"https:\/\/catalogus.plantura.be\/de\/datenschutzerklaerung\/","url":"https:\/\/catalogus.plantura.be\/de\/datenschutzerklaerung\/","name":"Datenschutzerkl\u00e4rung - Plantura","isPartOf":{"@id":"https:\/\/catalogus.plantura.be\/de\/#website"},"datePublished":"2022-11-17T06:25:16+00:00","dateModified":"2024-02-28T08:56:03+00:00","breadcrumb":{"@id":"https:\/\/catalogus.plantura.be\/de\/datenschutzerklaerung\/#breadcrumb"},"inLanguage":"de-DE","potentialAction":[{"@type":"ReadAction","target":["https:\/\/catalogus.plantura.be\/de\/datenschutzerklaerung\/"]}]},{"@type":"BreadcrumbList","@id":"https:\/\/catalogus.plantura.be\/de\/datenschutzerklaerung\/#breadcrumb","itemListElement":[{"@type":"ListItem","position":1,"name":"Home","item":"https:\/\/catalogus.plantura.be\/de\/"},{"@type":"ListItem","position":2,"name":"Datenschutzerkl\u00e4rung"}]},{"@type":"WebSite","@id":"https:\/\/catalogus.plantura.be\/de\/#website","url":"https:\/\/catalogus.plantura.be\/de\/","name":"Plantura","description":"Catalogus","potentialAction":[{"@type":"SearchAction","target":{"@type":"EntryPoint","urlTemplate":"https:\/\/catalogus.plantura.be\/de\/?s={search_term_string}"},"query-input":{"@type":"PropertyValueSpecification","valueRequired":true,"valueName":"search_term_string"}}],"inLanguage":"de-DE"}]}},"_links":{"self":[{"href":"https:\/\/catalogus.plantura.be\/de\/wp-json\/wp\/v2\/pages\/322145","targetHints":{"allow":["GET"]}}],"collection":[{"href":"https:\/\/catalogus.plantura.be\/de\/wp-json\/wp\/v2\/pages"}],"about":[{"href":"https:\/\/catalogus.plantura.be\/de\/wp-json\/wp\/v2\/types\/page"}],"author":[{"embeddable":true,"href":"https:\/\/catalogus.plantura.be\/de\/wp-json\/wp\/v2\/users\/2"}],"replies":[{"embeddable":true,"href":"https:\/\/catalogus.plantura.be\/de\/wp-json\/wp\/v2\/comments?post=322145"}],"version-history":[{"count":2,"href":"https:\/\/catalogus.plantura.be\/de\/wp-json\/wp\/v2\/pages\/322145\/revisions"}],"predecessor-version":[{"id":333660,"href":"https:\/\/catalogus.plantura.be\/de\/wp-json\/wp\/v2\/pages\/322145\/revisions\/333660"}],"wp:attachment":[{"href":"https:\/\/catalogus.plantura.be\/de\/wp-json\/wp\/v2\/media?parent=322145"}],"curies":[{"name":"wp","href":"https:\/\/api.w.org\/{rel}","templated":true}]}}